{"id":2482,"date":"2023-04-02T23:23:10","date_gmt":"2023-04-02T21:23:10","guid":{"rendered":"https:\/\/www.hurtowniasupport.pl\/?page_id=2482"},"modified":"2023-04-05T20:34:16","modified_gmt":"2023-04-05T18:34:16","slug":"przyprawy","status":"publish","type":"page","link":"https:\/\/www.hurtowniasupport.pl\/?page_id=2482","title":{"rendered":"Przyprawy"},"content":{"rendered":"\t\t<div data-elementor-type=\"wp-page\" data-elementor-id=\"2482\" class=\"elementor elementor-2482\">\n\t\t\t\t\t\t<section class=\"elementor-section elementor-top-section elementor-element elementor-element-50e7ee3 elementor-section-height-min-height elementor-section-full_width elementor-section-items-top elementor-section-height-default\" data-id=\"50e7ee3\" data-element_type=\"section\" data-e-type=\"section\" data-settings=\"{&quot;background_background&quot;:&quot;classic&quot;}\">\n\t\t\t\t\t\t\t<div class=\"elementor-background-overlay\"><\/div>\n\t\t\t\t\t\t\t<div class=\"elementor-container elementor-column-gap-default\">\n\t\t\t\t\t<div class=\"elementor-column elementor-col-100 elementor-top-column elementor-element elementor-element-e2a6122\" data-id=\"e2a6122\" data-element_type=\"column\" data-e-type=\"column\">\n\t\t\t<div class=\"elementor-widget-wrap\">\n\t\t\t\t\t\t\t<\/div>\n\t\t<\/div>\n\t\t\t\t\t<\/div>\n\t\t<\/section>\n\t\t\t\t<section class=\"elementor-section elementor-top-section elementor-element elementor-element-674361c elementor-section-full_width elementor-section-content-top elementor-section-height-default elementor-section-height-default\" data-id=\"674361c\" data-element_type=\"section\" data-e-type=\"section\" data-settings=\"{&quot;background_background&quot;:&quot;classic&quot;}\">\n\t\t\t\t\t\t<div class=\"elementor-container elementor-column-gap-default\">\n\t\t\t\t\t<div class=\"elementor-column elementor-col-100 elementor-top-column elementor-element elementor-element-3231270\" data-id=\"3231270\" data-element_type=\"column\" data-e-type=\"column\">\n\t\t\t<div class=\"elementor-widget-wrap elementor-element-populated\">\n\t\t\t\t\t\t<div class=\"elementor-element elementor-element-1ec0e69 elementor-widget__width-inherit animated-fast elementor-invisible elementor-widget elementor-widget-heading\" data-id=\"1ec0e69\" data-element_type=\"widget\" data-e-type=\"widget\" data-settings=\"{&quot;_animation&quot;:&quot;fadeInDown&quot;}\" data-widget_type=\"heading.default\">\n\t\t\t\t<div class=\"elementor-widget-container\">\n\t\t\t\t\t<h1 class=\"elementor-heading-title elementor-size-xxl\">PRZYPRAWY<\/h1>\t\t\t\t<\/div>\n\t\t\t\t<\/div>\n\t\t\t\t\t<\/div>\n\t\t<\/div>\n\t\t\t\t\t<\/div>\n\t\t<\/section>\n\t\t\t\t<section class=\"elementor-section elementor-top-section elementor-element elementor-element-aaa4586 elementor-section-boxed elementor-section-height-default elementor-section-height-default\" data-id=\"aaa4586\" data-element_type=\"section\" data-e-type=\"section\" data-settings=\"{&quot;background_background&quot;:&quot;classic&quot;}\">\n\t\t\t\t\t\t<div class=\"elementor-container elementor-column-gap-wide\">\n\t\t\t\t\t<div class=\"elementor-column elementor-col-50 elementor-top-column elementor-element elementor-element-37e4cee2\" data-id=\"37e4cee2\" data-element_type=\"column\" data-e-type=\"column\">\n\t\t\t<div class=\"elementor-widget-wrap elementor-element-populated\">\n\t\t\t\t\t\t<div class=\"elementor-element elementor-element-5e4b23cd elementor-widget elementor-widget-image\" data-id=\"5e4b23cd\" data-element_type=\"widget\" data-e-type=\"widget\" data-widget_type=\"image.default\">\n\t\t\t\t<div class=\"elementor-widget-container\">\n\t\t\t\t\t\t\t\t\t\t\t\t\t\t\t<img fetchpriority=\"high\" decoding=\"async\" width=\"1280\" height=\"1920\" src=\"https:\/\/www.hurtowniasupport.pl\/wp-content\/uploads\/2023\/04\/przyprawy.png\" class=\"attachment-full size-full wp-image-3090\" alt=\"\" srcset=\"https:\/\/www.hurtowniasupport.pl\/wp-content\/uploads\/2023\/04\/przyprawy.png 1280w, https:\/\/www.hurtowniasupport.pl\/wp-content\/uploads\/2023\/04\/przyprawy-200x300.png 200w, https:\/\/www.hurtowniasupport.pl\/wp-content\/uploads\/2023\/04\/przyprawy-683x1024.png 683w, https:\/\/www.hurtowniasupport.pl\/wp-content\/uploads\/2023\/04\/przyprawy-768x1152.png 768w, https:\/\/www.hurtowniasupport.pl\/wp-content\/uploads\/2023\/04\/przyprawy-1024x1536.png 1024w\" sizes=\"(max-width: 1280px) 100vw, 1280px\" \/>\t\t\t\t\t\t\t\t\t\t\t\t\t\t\t<\/div>\n\t\t\t\t<\/div>\n\t\t\t\t\t<\/div>\n\t\t<\/div>\n\t\t\t\t<div class=\"elementor-column elementor-col-50 elementor-top-column elementor-element elementor-element-77f31126\" data-id=\"77f31126\" data-element_type=\"column\" data-e-type=\"column\">\n\t\t\t<div class=\"elementor-widget-wrap elementor-element-populated\">\n\t\t\t\t\t\t<div class=\"elementor-element elementor-element-6d769d8e elementor-widget elementor-widget-text-editor\" data-id=\"6d769d8e\" data-element_type=\"widget\" data-e-type=\"widget\" data-widget_type=\"text-editor.default\">\n\t\t\t\t<div class=\"elementor-widget-container\">\n\t\t\t\t\t\t\t\t\t<h2>Dopiero z przyprawami kuchnia nabiera smaku i zapachu!<\/h2><p>Wsp\u00f3\u0142pracujemy bezpo\u015brednio z du\u017cymi producentami przypraw, dzi\u0119ki czemu mamy dla Was ogromny wyb\u00f3r i konkurencyjne ceny<\/p>\t\t\t\t\t\t\t\t<\/div>\n\t\t\t\t<\/div>\n\t\t\t\t\t<\/div>\n\t\t<\/div>\n\t\t\t\t\t<\/div>\n\t\t<\/section>\n\t\t\t\t<section class=\"elementor-section elementor-top-section elementor-element elementor-element-38b61967 elementor-section-boxed elementor-section-height-default elementor-section-height-default\" data-id=\"38b61967\" data-element_type=\"section\" data-e-type=\"section\" data-settings=\"{&quot;background_background&quot;:&quot;classic&quot;}\">\n\t\t\t\t\t\t<div class=\"elementor-container elementor-column-gap-wider\">\n\t\t\t\t\t<div class=\"elementor-column elementor-col-50 elementor-top-column elementor-element elementor-element-251ddd00\" data-id=\"251ddd00\" data-element_type=\"column\" data-e-type=\"column\">\n\t\t\t<div class=\"elementor-widget-wrap elementor-element-populated\">\n\t\t\t\t\t\t<div class=\"elementor-element elementor-element-29b3db5b elementor-widget elementor-widget-heading\" data-id=\"29b3db5b\" data-element_type=\"widget\" data-e-type=\"widget\" data-widget_type=\"heading.default\">\n\t\t\t\t<div class=\"elementor-widget-container\">\n\t\t\t\t\t<h4 class=\"elementor-heading-title elementor-size-default\">Przyprawy jednorodne<\/h4>\t\t\t\t<\/div>\n\t\t\t\t<\/div>\n\t\t\t\t<div class=\"elementor-element elementor-element-289e6042 elementor-widget elementor-widget-text-editor\" data-id=\"289e6042\" data-element_type=\"widget\" data-e-type=\"widget\" data-widget_type=\"text-editor.default\">\n\t\t\t\t<div class=\"elementor-widget-container\">\n\t\t\t\t\t\t\t\t\t<p>Te przyprawy znajdziesz u nas zawsze:<\/p><p>\u00a0<\/p><ul><li><p>bazylia<\/p><\/li><li><p>cebulka pra\u017cona<\/p><\/li><li><p>chilli<\/p><\/li><li><p>cukier<\/p><\/li><li><p>curry<\/p><\/li><li><p>cynamon<\/p><\/li><li><p>czosnek<\/p><\/li><li><p>ga\u0142ka muszkato\u0142owa<\/p><\/li><li><p>go\u017adziki<\/p><\/li><li><p>kardamon<\/p><\/li><li><p>kmin rzymski<\/p><\/li><li><p>kolendra<\/p><\/li><li><p>koper<\/p><\/li><li><p>kwasek cytrynowy<\/p><\/li><li><p>li\u015b\u0107 laurowy<\/p><\/li><li><p>majeranek<\/p><\/li><li><p>natk\u0119 pietruszki<\/p><\/li><li><p>oregano<\/p><\/li><li><p>papryka ostra<\/p><\/li><li><p>papryka s\u0142odka<\/p><\/li><li><p>pieprz bia\u0142y<\/p><\/li><li><p>pieprz czarny<\/p><\/li><li><p>pieprze kolorowe<\/p><\/li><li><p>s\u00f3l<\/p><\/li><li><p>tymianek<\/p><\/li><li><p>ziele angielskie<\/p><\/li><li><p>zio\u0142a prowansalskie<\/p><\/li><\/ul>\t\t\t\t\t\t\t\t<\/div>\n\t\t\t\t<\/div>\n\t\t\t\t\t<\/div>\n\t\t<\/div>\n\t\t\t\t<div class=\"elementor-column elementor-col-50 elementor-top-column elementor-element elementor-element-469860ae\" data-id=\"469860ae\" data-element_type=\"column\" data-e-type=\"column\">\n\t\t\t<div class=\"elementor-widget-wrap elementor-element-populated\">\n\t\t\t\t\t\t<div class=\"elementor-element elementor-element-e3cd72b elementor-widget elementor-widget-heading\" data-id=\"e3cd72b\" data-element_type=\"widget\" data-e-type=\"widget\" data-widget_type=\"heading.default\">\n\t\t\t\t<div class=\"elementor-widget-container\">\n\t\t\t\t\t<h4 class=\"elementor-heading-title elementor-size-default\">Mieszanki przypraw<\/h4>\t\t\t\t<\/div>\n\t\t\t\t<\/div>\n\t\t\t\t<div class=\"elementor-element elementor-element-719f1c34 elementor-widget elementor-widget-text-editor\" data-id=\"719f1c34\" data-element_type=\"widget\" data-e-type=\"widget\" data-widget_type=\"text-editor.default\">\n\t\t\t\t<div class=\"elementor-widget-container\">\n\t\t\t\t\t\t\t\t\t<p>Gotowe mieszanki pozwalaj\u0105 zaoszcz\u0119dzi\u0107 czas i gwarantuj\u0105 powtarzalno\u015b\u0107 smaku.\u00a0<\/p><p>\u00a0<\/p><p>Oferujemy wiele mieszanek przypraw. Warto wymieni\u0107 cho\u0107by te:<\/p><p>\u00a0<\/p><ul><li><p>przyprawa do flak\u00f3w<\/p><\/li><li><p>przyprawa do grilla<\/p><\/li><li><p>przyprawa do gyrosa<\/p><\/li><li><p>przyprawa do kebaba<\/p><\/li><li><p>przyprawa do kurczaka<\/p><\/li><li><p>przyprawa do mi\u0119s<\/p><\/li><li><p>przyprawa do ziemniak\u00f3w<\/p><\/li><li>przyprawa uniwersalna<\/li><\/ul>\t\t\t\t\t\t\t\t<\/div>\n\t\t\t\t<\/div>\n\t\t\t\t<div class=\"elementor-element elementor-element-19ce7d94 elementor-widget elementor-widget-heading\" data-id=\"19ce7d94\" data-element_type=\"widget\" data-e-type=\"widget\" data-widget_type=\"heading.default\">\n\t\t\t\t<div class=\"elementor-widget-container\">\n\t\t\t\t\t<h4 class=\"elementor-heading-title elementor-size-default\">Na specjalne zam\u00f3wienie<\/h4>\t\t\t\t<\/div>\n\t\t\t\t<\/div>\n\t\t\t\t<div class=\"elementor-element elementor-element-dc86f2d elementor-widget elementor-widget-text-editor\" data-id=\"dc86f2d\" data-element_type=\"widget\" data-e-type=\"widget\" data-widget_type=\"text-editor.default\">\n\t\t\t\t<div class=\"elementor-widget-container\">\n\t\t\t\t\t\t\t\t\t<p>Powiemy to wprost: je\u015bli u\u017cywasz czego\u015b, czego tutaj nie wymienili\u015bmy, to znaczy \u017ce mamy to w ofercie na zam\u00f3wienie<\/p>\t\t\t\t\t\t\t\t<\/div>\n\t\t\t\t<\/div>\n\t\t\t\t\t<\/div>\n\t\t<\/div>\n\t\t\t\t\t<\/div>\n\t\t<\/section>\n\t\t\t\t<section class=\"elementor-section elementor-top-section elementor-element elementor-element-439e7a97 elementor-section-content-middle elementor-section-boxed elementor-section-height-default elementor-section-height-default\" data-id=\"439e7a97\" data-element_type=\"section\" data-e-type=\"section\" data-settings=\"{&quot;background_background&quot;:&quot;classic&quot;}\">\n\t\t\t\t\t\t<div class=\"elementor-container elementor-column-gap-default\">\n\t\t\t\t\t<div class=\"elementor-column elementor-col-100 elementor-top-column elementor-element elementor-element-3053c864\" data-id=\"3053c864\" data-element_type=\"column\" data-e-type=\"column\">\n\t\t\t<div class=\"elementor-widget-wrap elementor-element-populated\">\n\t\t\t\t\t\t<div class=\"elementor-element elementor-element-318795c8 elementor-widget elementor-widget-heading\" data-id=\"318795c8\" data-element_type=\"widget\" data-e-type=\"widget\" data-widget_type=\"heading.default\">\n\t\t\t\t<div class=\"elementor-widget-container\">\n\t\t\t\t\t<h2 class=\"elementor-heading-title elementor-size-default\">Porozmawiajmy<\/h2>\t\t\t\t<\/div>\n\t\t\t\t<\/div>\n\t\t\t\t<div class=\"elementor-element elementor-element-512bcadf elementor-widget elementor-widget-text-editor\" data-id=\"512bcadf\" data-element_type=\"widget\" data-e-type=\"widget\" data-widget_type=\"text-editor.default\">\n\t\t\t\t<div class=\"elementor-widget-container\">\n\t\t\t\t\t\t\t\t\t<p>Masz pytania? Zawsze jeste\u015bmy gotowi do otwartej rozmowy o Twoim biznesie, nowych pomys\u0142ach, ciekawych projektach i o tym jak mo\u017cemy Ci pom\u00f3c je zrealizowa\u0107<\/p>\t\t\t\t\t\t\t\t<\/div>\n\t\t\t\t<\/div>\n\t\t\t\t<div class=\"elementor-element elementor-element-200aa4ae elementor-align-center elementor-widget elementor-widget-button\" data-id=\"200aa4ae\" data-element_type=\"widget\" data-e-type=\"widget\" data-widget_type=\"button.default\">\n\t\t\t\t<div class=\"elementor-widget-container\">\n\t\t\t\t\t\t\t\t\t<div class=\"elementor-button-wrapper\">\n\t\t\t\t\t<a class=\"elementor-button elementor-button-link elementor-size-sm elementor-animation-buzz-out\" href=\"https:\/\/www.hurtowniasupport.pl\/?page_id=16\">\n\t\t\t\t\t\t<span class=\"elementor-button-content-wrapper\">\n\t\t\t\t\t\t\t\t\t<span class=\"elementor-button-text\">Skontaktuj si\u0119 z nami<\/span>\n\t\t\t\t\t<\/span>\n\t\t\t\t\t<\/a>\n\t\t\t\t<\/div>\n\t\t\t\t\t\t\t\t<\/div>\n\t\t\t\t<\/div>\n\t\t\t\t\t<\/div>\n\t\t<\/div>\n\t\t\t\t\t<\/div>\n\t\t<\/section>\n\t\t\t\t<\/div>\n\t\t","protected":false},"excerpt":{"rendered":"<p>PRZYPRAWY Dopiero z przyprawami kuchnia nabiera smaku i zapachu! Wsp\u00f3\u0142pracujemy bezpo\u015brednio z du\u017cymi producentami przypraw, dzi\u0119ki czemu mamy dla Was ogromny wyb\u00f3r i konkurencyjne ceny Przyprawy jednorodne Te przyprawy znajdziesz u nas zawsze: \u00a0 bazylia cebulka pra\u017cona chilli cukier curry cynamon czosnek ga\u0142ka muszkato\u0142owa go\u017adziki kardamon kmin rzymski kolendra koper kwasek cytrynowy li\u015b\u0107 laurowy majeranek &hellip;<\/p>\n<p class=\"read-more\"> <a class=\"\" href=\"https:\/\/www.hurtowniasupport.pl\/?page_id=2482\"> <span class=\"screen-reader-text\">Przyprawy<\/span> Read More &raquo;<\/a><\/p>\n","protected":false},"author":1,"featured_media":0,"parent":0,"menu_order":0,"comment_status":"closed","ping_status":"closed","template":"","meta":{"site-sidebar-layout":"no-sidebar","site-content-layout":"page-builder","ast-global-header-display":"","ast-main-header-display":"","ast-hfb-above-header-display":"","ast-hfb-below-header-display":"","ast-hfb-mobile-header-display":"","site-post-title":"disabled","ast-breadcrumbs-content":"","ast-featured-img":"disabled","footer-sml-layout":"disabled","theme-transparent-header-meta":"enabled","adv-header-id-meta":"","stick-header-meta":"","header-above-stick-meta":"","header-main-stick-meta":"","header-below-stick-meta":"","footnotes":""},"class_list":["post-2482","page","type-page","status-publish","hentry"],"_links":{"self":[{"href":"https:\/\/www.hurtowniasupport.pl\/index.php?rest_route=\/wp\/v2\/pages\/2482","targetHints":{"allow":["GET"]}}],"collection":[{"href":"https:\/\/www.hurtowniasupport.pl\/index.php?rest_route=\/wp\/v2\/pages"}],"about":[{"href":"https:\/\/www.hurtowniasupport.pl\/index.php?rest_route=\/wp\/v2\/types\/page"}],"author":[{"embeddable":true,"href":"https:\/\/www.hurtowniasupport.pl\/index.php?rest_route=\/wp\/v2\/users\/1"}],"replies":[{"embeddable":true,"href":"https:\/\/www.hurtowniasupport.pl\/index.php?rest_route=%2Fwp%2Fv2%2Fcomments&post=2482"}],"version-history":[{"count":41,"href":"https:\/\/www.hurtowniasupport.pl\/index.php?rest_route=\/wp\/v2\/pages\/2482\/revisions"}],"predecessor-version":[{"id":3816,"href":"https:\/\/www.hurtowniasupport.pl\/index.php?rest_route=\/wp\/v2\/pages\/2482\/revisions\/3816"}],"wp:attachment":[{"href":"https:\/\/www.hurtowniasupport.pl\/index.php?rest_route=%2Fwp%2Fv2%2Fmedia&parent=2482"}],"curies":[{"name":"wp","href":"https:\/\/api.w.org\/{rel}","templated":true}]}}