{"id":2329,"date":"2023-04-02T20:25:49","date_gmt":"2023-04-02T18:25:49","guid":{"rendered":"https:\/\/www.hurtowniasupport.pl\/?page_id=2329"},"modified":"2023-04-05T20:31:58","modified_gmt":"2023-04-05T18:31:58","slug":"nabial","status":"publish","type":"page","link":"https:\/\/www.hurtowniasupport.pl\/?page_id=2329","title":{"rendered":"Nabia\u0142"},"content":{"rendered":"\t\t<div data-elementor-type=\"wp-page\" data-elementor-id=\"2329\" class=\"elementor elementor-2329\">\n\t\t\t\t\t\t<section class=\"elementor-section elementor-top-section elementor-element elementor-element-9e33b57 elementor-section-height-min-height elementor-section-full_width elementor-section-items-top elementor-section-height-default\" data-id=\"9e33b57\" data-element_type=\"section\" data-e-type=\"section\" data-settings=\"{&quot;background_background&quot;:&quot;classic&quot;}\">\n\t\t\t\t\t\t\t<div class=\"elementor-background-overlay\"><\/div>\n\t\t\t\t\t\t\t<div class=\"elementor-container elementor-column-gap-default\">\n\t\t\t\t\t<div class=\"elementor-column elementor-col-100 elementor-top-column elementor-element elementor-element-d55f76f\" data-id=\"d55f76f\" data-element_type=\"column\" data-e-type=\"column\">\n\t\t\t<div class=\"elementor-widget-wrap\">\n\t\t\t\t\t\t\t<\/div>\n\t\t<\/div>\n\t\t\t\t\t<\/div>\n\t\t<\/section>\n\t\t\t\t<section class=\"elementor-section elementor-top-section elementor-element elementor-element-8e82489 elementor-section-full_width elementor-section-content-top elementor-section-height-default elementor-section-height-default\" data-id=\"8e82489\" data-element_type=\"section\" data-e-type=\"section\" data-settings=\"{&quot;background_background&quot;:&quot;classic&quot;}\">\n\t\t\t\t\t\t<div class=\"elementor-container elementor-column-gap-default\">\n\t\t\t\t\t<div class=\"elementor-column elementor-col-100 elementor-top-column elementor-element elementor-element-7133a14\" data-id=\"7133a14\" data-element_type=\"column\" data-e-type=\"column\">\n\t\t\t<div class=\"elementor-widget-wrap elementor-element-populated\">\n\t\t\t\t\t\t<div class=\"elementor-element elementor-element-2bb80fa elementor-widget__width-inherit animated-fast elementor-invisible elementor-widget elementor-widget-heading\" data-id=\"2bb80fa\" data-element_type=\"widget\" data-e-type=\"widget\" data-settings=\"{&quot;_animation&quot;:&quot;fadeInDown&quot;}\" data-widget_type=\"heading.default\">\n\t\t\t\t<div class=\"elementor-widget-container\">\n\t\t\t\t\t<h1 class=\"elementor-heading-title elementor-size-xxl\">NABIA\u0141<\/h1>\t\t\t\t<\/div>\n\t\t\t\t<\/div>\n\t\t\t\t\t<\/div>\n\t\t<\/div>\n\t\t\t\t\t<\/div>\n\t\t<\/section>\n\t\t\t\t<section class=\"elementor-section elementor-top-section elementor-element elementor-element-8ae17a elementor-section-boxed elementor-section-height-default elementor-section-height-default\" data-id=\"8ae17a\" data-element_type=\"section\" data-e-type=\"section\" data-settings=\"{&quot;background_background&quot;:&quot;classic&quot;}\">\n\t\t\t\t\t\t<div class=\"elementor-container elementor-column-gap-wide\">\n\t\t\t\t\t<div class=\"elementor-column elementor-col-50 elementor-top-column elementor-element elementor-element-11f8b1c0\" data-id=\"11f8b1c0\" data-element_type=\"column\" data-e-type=\"column\">\n\t\t\t<div class=\"elementor-widget-wrap elementor-element-populated\">\n\t\t\t\t\t\t<div class=\"elementor-element elementor-element-2cbcbb8e elementor-widget elementor-widget-image\" data-id=\"2cbcbb8e\" data-element_type=\"widget\" data-e-type=\"widget\" data-widget_type=\"image.default\">\n\t\t\t\t<div class=\"elementor-widget-container\">\n\t\t\t\t\t\t\t\t\t\t\t\t\t\t\t<img fetchpriority=\"high\" decoding=\"async\" width=\"1280\" height=\"1920\" src=\"https:\/\/www.hurtowniasupport.pl\/wp-content\/uploads\/2023\/04\/nabial.png\" class=\"attachment-full size-full wp-image-3086\" alt=\"\" srcset=\"https:\/\/www.hurtowniasupport.pl\/wp-content\/uploads\/2023\/04\/nabial.png 1280w, https:\/\/www.hurtowniasupport.pl\/wp-content\/uploads\/2023\/04\/nabial-200x300.png 200w, https:\/\/www.hurtowniasupport.pl\/wp-content\/uploads\/2023\/04\/nabial-683x1024.png 683w, https:\/\/www.hurtowniasupport.pl\/wp-content\/uploads\/2023\/04\/nabial-768x1152.png 768w, https:\/\/www.hurtowniasupport.pl\/wp-content\/uploads\/2023\/04\/nabial-1024x1536.png 1024w\" sizes=\"(max-width: 1280px) 100vw, 1280px\" \/>\t\t\t\t\t\t\t\t\t\t\t\t\t\t\t<\/div>\n\t\t\t\t<\/div>\n\t\t\t\t\t<\/div>\n\t\t<\/div>\n\t\t\t\t<div class=\"elementor-column elementor-col-50 elementor-top-column elementor-element elementor-element-52e687f7\" data-id=\"52e687f7\" data-element_type=\"column\" data-e-type=\"column\">\n\t\t\t<div class=\"elementor-widget-wrap elementor-element-populated\">\n\t\t\t\t\t\t<div class=\"elementor-element elementor-element-fbf84f3 elementor-widget elementor-widget-heading\" data-id=\"fbf84f3\" data-element_type=\"widget\" data-e-type=\"widget\" data-widget_type=\"heading.default\">\n\t\t\t\t<div class=\"elementor-widget-container\">\n\t\t\t\t\t<h2 class=\"elementor-heading-title elementor-size-default\">Nabia\u0142<\/h2>\t\t\t\t<\/div>\n\t\t\t\t<\/div>\n\t\t\t\t<div class=\"elementor-element elementor-element-628fc462 elementor-widget elementor-widget-text-editor\" data-id=\"628fc462\" data-element_type=\"widget\" data-e-type=\"widget\" data-widget_type=\"text-editor.default\">\n\t\t\t\t<div class=\"elementor-widget-container\">\n\t\t\t\t\t\t\t\t\t<p>Nie wiemy jak Wy, ale my kochamy mleko. Dla ser\u00f3w stworzyli\u015bmy oddzieln\u0105 kategori\u0119 asortymentu, dla Waszej wygody<\/p><p>\u00a0<\/p><h5>Pozosta\u0142e nabia\u0142y przedstawiamy poni\u017cej<\/h5>\t\t\t\t\t\t\t\t<\/div>\n\t\t\t\t<\/div>\n\t\t\t\t\t<\/div>\n\t\t<\/div>\n\t\t\t\t\t<\/div>\n\t\t<\/section>\n\t\t\t\t<section class=\"elementor-section elementor-top-section elementor-element elementor-element-79b98858 elementor-section-boxed elementor-section-height-default elementor-section-height-default\" data-id=\"79b98858\" data-element_type=\"section\" data-e-type=\"section\" data-settings=\"{&quot;background_background&quot;:&quot;classic&quot;}\">\n\t\t\t\t\t\t<div class=\"elementor-container elementor-column-gap-wider\">\n\t\t\t\t\t<div class=\"elementor-column elementor-col-33 elementor-top-column elementor-element elementor-element-4efacd7\" data-id=\"4efacd7\" data-element_type=\"column\" data-e-type=\"column\">\n\t\t\t<div class=\"elementor-widget-wrap elementor-element-populated\">\n\t\t\t\t\t\t<div class=\"elementor-element elementor-element-61f05033 elementor-widget elementor-widget-heading\" data-id=\"61f05033\" data-element_type=\"widget\" data-e-type=\"widget\" data-widget_type=\"heading.default\">\n\t\t\t\t<div class=\"elementor-widget-container\">\n\t\t\t\t\t<h4 class=\"elementor-heading-title elementor-size-default\">Mleko<\/h4>\t\t\t\t<\/div>\n\t\t\t\t<\/div>\n\t\t\t\t<div class=\"elementor-element elementor-element-4499b0a2 elementor-widget elementor-widget-text-editor\" data-id=\"4499b0a2\" data-element_type=\"widget\" data-e-type=\"widget\" data-widget_type=\"text-editor.default\">\n\t\t\t\t<div class=\"elementor-widget-container\">\n\t\t\t\t\t\t\t\t\t<p>Zauwa\u017cyli\u015bmy, \u017ce Was &#8211; naszych klient\u00f3w &#8211; nie interesuje du\u017cy wyb\u00f3r mleka z r\u00f3\u017cnych mleczarni, ani rozdrobnienie na mleka chude, odt\u0142uszczone, czy pe\u0142not\u0142uste<\/p><p>\u00a0<\/p><h5>Powtarzali\u015bcie nam: <span style=\"text-decoration: underline;\">cena<\/span>!\u00a0Pos\u0142uchali\u015bmy<\/h5><p>Mamy dla Was jeden gatunek mleka, w jednym rodzaju opakowania, w najni\u017cszej cenie, jak\u0105 mo\u017cna znale\u017a\u0107 zapewniaj\u0105c stabiln\u0105 jako\u015b\u0107.<\/p><p>\u00a0<\/p><p>Oferujemy wam mleko o zawarto\u015bci t\u0142uszczu 3,2%, pakowane w litrowe kartony. Dzi\u0119ki temu, \u017ce kupujemy dla Was tylko jedno mleko w tylko jednej mleczarni, kupujemy go do\u015b\u0107, by zaoferowa\u0107 Wam ceny, kt\u00f3rych nawet sieci cash&amp;carry nie daj\u0105 Wam w promocji.<\/p><p>\u00a0<\/p><h5>Pos\u0142uchali\u015bmy i podzia\u0142a\u0142o! Jak zawsze!<\/h5>\t\t\t\t\t\t\t\t<\/div>\n\t\t\t\t<\/div>\n\t\t\t\t\t<\/div>\n\t\t<\/div>\n\t\t\t\t<div class=\"elementor-column elementor-col-33 elementor-top-column elementor-element elementor-element-61953e0e\" data-id=\"61953e0e\" data-element_type=\"column\" data-e-type=\"column\">\n\t\t\t<div class=\"elementor-widget-wrap elementor-element-populated\">\n\t\t\t\t\t\t<div class=\"elementor-element elementor-element-75c325fa elementor-widget elementor-widget-heading\" data-id=\"75c325fa\" data-element_type=\"widget\" data-e-type=\"widget\" data-widget_type=\"heading.default\">\n\t\t\t\t<div class=\"elementor-widget-container\">\n\t\t\t\t\t<h4 class=\"elementor-heading-title elementor-size-default\">Jogurty<\/h4>\t\t\t\t<\/div>\n\t\t\t\t<\/div>\n\t\t\t\t<div class=\"elementor-element elementor-element-4be40819 elementor-widget elementor-widget-text-editor\" data-id=\"4be40819\" data-element_type=\"widget\" data-e-type=\"widget\" data-widget_type=\"text-editor.default\">\n\t\t\t\t<div class=\"elementor-widget-container\">\n\t\t\t\t\t\t\t\t\t<h5>Postawili\u015bmy na klasyk\u0119: jogurt 10% i g\u0119sty jogurt 3,5%<\/h5><p>Gdyby\u015bcie wiedzieli ile telefon\u00f3w, maili, spotka\u0144, pr\u00f3bek, pr\u00f3b u klient\u00f3w i wog\u00f3le ca\u0142ego tego zachodu kosztowa\u0142o nas dobranie tych jedynych jogurt\u00f3w dla Was&#8230; i co? Warto by\u0142o!<\/p><p>\u00a0<\/p><p>Nasi dostawcy s\u0105 tak dobrzy, \u017ce uznali\u015bmy ich za &#8216;tajne-przez-poufne&#8217; i nie wydamy ich za \u017cadne skarby, a nasi konkurenci tylko patrz\u0105 z zazdro\u015bci\u0105.<\/p><p>\u00a0<\/p><h5>Sami przekonajcie si\u0119 dlaczego!<\/h5>\t\t\t\t\t\t\t\t<\/div>\n\t\t\t\t<\/div>\n\t\t\t\t\t<\/div>\n\t\t<\/div>\n\t\t\t\t<div class=\"elementor-column elementor-col-33 elementor-top-column elementor-element elementor-element-f9c4fce\" data-id=\"f9c4fce\" data-element_type=\"column\" data-e-type=\"column\">\n\t\t\t<div class=\"elementor-widget-wrap elementor-element-populated\">\n\t\t\t\t\t\t<div class=\"elementor-element elementor-element-ddedd67 elementor-widget elementor-widget-heading\" data-id=\"ddedd67\" data-element_type=\"widget\" data-e-type=\"widget\" data-widget_type=\"heading.default\">\n\t\t\t\t<div class=\"elementor-widget-container\">\n\t\t\t\t\t<h4 class=\"elementor-heading-title elementor-size-default\">\u015amietany<\/h4>\t\t\t\t<\/div>\n\t\t\t\t<\/div>\n\t\t\t\t<div class=\"elementor-element elementor-element-ca5fb3d elementor-widget elementor-widget-text-editor\" data-id=\"ca5fb3d\" data-element_type=\"widget\" data-e-type=\"widget\" data-widget_type=\"text-editor.default\">\n\t\t\t\t<div class=\"elementor-widget-container\">\n\t\t\t\t\t\t\t\t\t<h5>Tu by\u0142o podobnie, jak z mlekiem&#8230; &#8220;Cena to podstawa&#8221; &#8211; s\u0142yszeli\u015bmy nie raz<\/h5><p>\u00a0<\/p><p>Jednak nasz\u0105 zasad\u0105 jest, \u017ce zaczynamy od powtarzalnej jako\u015bci produktu. Bez tej zasady cofn\u0119liby\u015bmy si\u0119 do poziomu hurtowni gara\u017cowej, dla kt\u00f3rej &#8220;cena czyni cuda&#8221;.<\/p><p>\u00a0<\/p><p>Nauczeni do\u015bwiadczeniem z mlekiem, znale\u017ali\u015bmy dla Was jedn\u0105 mleczarni\u0119, kt\u00f3ra ma solidne produkty i jest gotowa przy odpowiednich ilo\u015bciach dostarcza\u0107 je za rozs\u0105dn\u0105 cen\u0119. Oferujemy Wam \u015bmietany UHT 18% i 36% w litrowych kartonach oraz 18% w 5-litrowych bag-in-boxach, czyli workach w kartonie<\/p>\t\t\t\t\t\t\t\t<\/div>\n\t\t\t\t<\/div>\n\t\t\t\t\t<\/div>\n\t\t<\/div>\n\t\t\t\t\t<\/div>\n\t\t<\/section>\n\t\t\t\t<section class=\"elementor-section elementor-top-section elementor-element elementor-element-3c58c438 elementor-section-content-middle elementor-section-boxed elementor-section-height-default elementor-section-height-default\" data-id=\"3c58c438\" data-element_type=\"section\" data-e-type=\"section\" data-settings=\"{&quot;background_background&quot;:&quot;classic&quot;}\">\n\t\t\t\t\t\t<div class=\"elementor-container elementor-column-gap-default\">\n\t\t\t\t\t<div class=\"elementor-column elementor-col-100 elementor-top-column elementor-element elementor-element-4ab32d71\" data-id=\"4ab32d71\" data-element_type=\"column\" data-e-type=\"column\">\n\t\t\t<div class=\"elementor-widget-wrap elementor-element-populated\">\n\t\t\t\t\t\t<div class=\"elementor-element elementor-element-232c63ec elementor-widget elementor-widget-heading\" data-id=\"232c63ec\" data-element_type=\"widget\" data-e-type=\"widget\" data-widget_type=\"heading.default\">\n\t\t\t\t<div class=\"elementor-widget-container\">\n\t\t\t\t\t<h2 class=\"elementor-heading-title elementor-size-default\">Porozmawiajmy<\/h2>\t\t\t\t<\/div>\n\t\t\t\t<\/div>\n\t\t\t\t<div class=\"elementor-element elementor-element-635577ca elementor-widget elementor-widget-text-editor\" data-id=\"635577ca\" data-element_type=\"widget\" data-e-type=\"widget\" data-widget_type=\"text-editor.default\">\n\t\t\t\t<div class=\"elementor-widget-container\">\n\t\t\t\t\t\t\t\t\t<p>Masz pytania? Zawsze jeste\u015bmy gotowi do otwartej rozmowy o Twoim biznesie, nowych pomys\u0142ach, ciekawych projektach i o tym jak mo\u017cemy Ci pom\u00f3c je zrealizowa\u0107<\/p>\t\t\t\t\t\t\t\t<\/div>\n\t\t\t\t<\/div>\n\t\t\t\t<div class=\"elementor-element elementor-element-d77d6ab elementor-align-center elementor-widget elementor-widget-button\" data-id=\"d77d6ab\" data-element_type=\"widget\" data-e-type=\"widget\" data-widget_type=\"button.default\">\n\t\t\t\t<div class=\"elementor-widget-container\">\n\t\t\t\t\t\t\t\t\t<div class=\"elementor-button-wrapper\">\n\t\t\t\t\t<a class=\"elementor-button elementor-button-link elementor-size-sm elementor-animation-buzz-out\" href=\"https:\/\/www.hurtowniasupport.pl\/?page_id=16\">\n\t\t\t\t\t\t<span class=\"elementor-button-content-wrapper\">\n\t\t\t\t\t\t\t\t\t<span class=\"elementor-button-text\">Skontaktuj si\u0119 z nami<\/span>\n\t\t\t\t\t<\/span>\n\t\t\t\t\t<\/a>\n\t\t\t\t<\/div>\n\t\t\t\t\t\t\t\t<\/div>\n\t\t\t\t<\/div>\n\t\t\t\t\t<\/div>\n\t\t<\/div>\n\t\t\t\t\t<\/div>\n\t\t<\/section>\n\t\t\t\t<\/div>\n\t\t","protected":false},"excerpt":{"rendered":"<p>NABIA\u0141 Nabia\u0142 Nie wiemy jak Wy, ale my kochamy mleko. Dla ser\u00f3w stworzyli\u015bmy oddzieln\u0105 kategori\u0119 asortymentu, dla Waszej wygody \u00a0 Pozosta\u0142e nabia\u0142y przedstawiamy poni\u017cej Mleko Zauwa\u017cyli\u015bmy, \u017ce Was &#8211; naszych klient\u00f3w &#8211; nie interesuje du\u017cy wyb\u00f3r mleka z r\u00f3\u017cnych mleczarni, ani rozdrobnienie na mleka chude, odt\u0142uszczone, czy pe\u0142not\u0142uste \u00a0 Powtarzali\u015bcie nam: cena!\u00a0Pos\u0142uchali\u015bmy Mamy dla Was &hellip;<\/p>\n<p class=\"read-more\"> <a class=\"\" href=\"https:\/\/www.hurtowniasupport.pl\/?page_id=2329\"> <span class=\"screen-reader-text\">Nabia\u0142<\/span> Read More &raquo;<\/a><\/p>\n","protected":false},"author":1,"featured_media":0,"parent":0,"menu_order":0,"comment_status":"closed","ping_status":"closed","template":"","meta":{"site-sidebar-layout":"no-sidebar","site-content-layout":"page-builder","ast-global-header-display":"","ast-main-header-display":"","ast-hfb-above-header-display":"","ast-hfb-below-header-display":"","ast-hfb-mobile-header-display":"","site-post-title":"disabled","ast-breadcrumbs-content":"","ast-featured-img":"disabled","footer-sml-layout":"disabled","theme-transparent-header-meta":"enabled","adv-header-id-meta":"","stick-header-meta":"","header-above-stick-meta":"","header-main-stick-meta":"","header-below-stick-meta":"","footnotes":""},"class_list":["post-2329","page","type-page","status-publish","hentry"],"_links":{"self":[{"href":"https:\/\/www.hurtowniasupport.pl\/index.php?rest_route=\/wp\/v2\/pages\/2329","targetHints":{"allow":["GET"]}}],"collection":[{"href":"https:\/\/www.hurtowniasupport.pl\/index.php?rest_route=\/wp\/v2\/pages"}],"about":[{"href":"https:\/\/www.hurtowniasupport.pl\/index.php?rest_route=\/wp\/v2\/types\/page"}],"author":[{"embeddable":true,"href":"https:\/\/www.hurtowniasupport.pl\/index.php?rest_route=\/wp\/v2\/users\/1"}],"replies":[{"embeddable":true,"href":"https:\/\/www.hurtowniasupport.pl\/index.php?rest_route=%2Fwp%2Fv2%2Fcomments&post=2329"}],"version-history":[{"count":56,"href":"https:\/\/www.hurtowniasupport.pl\/index.php?rest_route=\/wp\/v2\/pages\/2329\/revisions"}],"predecessor-version":[{"id":3798,"href":"https:\/\/www.hurtowniasupport.pl\/index.php?rest_route=\/wp\/v2\/pages\/2329\/revisions\/3798"}],"wp:attachment":[{"href":"https:\/\/www.hurtowniasupport.pl\/index.php?rest_route=%2Fwp%2Fv2%2Fmedia&parent=2329"}],"curies":[{"name":"wp","href":"https:\/\/api.w.org\/{rel}","templated":true}]}}